{"id":156,"date":"2022-02-07T18:21:53","date_gmt":"2022-02-07T17:21:53","guid":{"rendered":"http:\/\/www.corsiformazionecontinua.it\/new\/?page_id=3"},"modified":"2022-02-28T12:31:10","modified_gmt":"2022-02-28T11:31:10","slug":"privacy-policy","status":"publish","type":"page","link":"https:\/\/www.corsiformazionecontinua.it\/index.php\/privacy-policy\/","title":{"rendered":"Privacy Policy"},"content":{"rendered":"\n<p>www.corsiformazionecontinua.it, sito di propriet\u00e0 di GESTEC SRL A SOCIO UNICO, tratter\u00e0 le informazioni fornite dagli utenti Registrati esclusivamente per finalit\u00e0 strettamente connesse alla registrazione al sito <strong>www.corsiformazionecontinua.it <\/strong>(\u201cSito\u201d) nonch\u00e9 alla prestazione dei servizi offerti sul Sito medesimo (es. acquisto; gestione dell\u2019account ecc.), nonch\u00e9 per adempiere ad obblighi di legge o regolamentari.<\/p>\n\n\n\n<p>I dati personali saranno trattati con sistemi elettronici ovvero anche senza l\u2019ausilio di tali strumenti, da soggetti incaricati dai titolari del trattamento ovvero da soggetti nominati responsabili, anche esterni, del trattamento medesimo. In particolare, per le finalit\u00e0 sopra riportate, i vostri dati potranno essere comunicati:<\/p>\n\n\n\n<ul><li>a corrieri o spedizionieri incaricati della consegna dell\u2019attestato di partecipazione;<\/li><li>agli istituti bancari ed alle societ\u00e0 che gestiscono i circuiti nazionali o internazionali di pagamento tramite i quali vengono effettuati i pagamenti online;<\/li><li>a soggetti pubblici e\/o privati, persone fisiche e\/o giuridiche (studi di consulenza legale, amministrativa e fiscale, Uffici Giudiziari, Camere di Commercio, Camere ed Uffici del Lavoro, ecc.), qualora la comunicazione risulti necessaria o funzionale al corretto adempimento degli obblighi contrattuali assunti, nonch\u00e9 degli obblighi derivanti dalla legge.<\/li><\/ul>\n\n\n\n<p>Presso il Titolare del trattamento \u00e8 possibile ottenere un elenco aggiornato dei soggetti che trattano i vostri dati in funzione di responsabili o incaricati del trattamento.<\/p>\n\n\n\n<p>Il trattamento dei dati personali avverr\u00e0 secondo le modalit\u00e0 e con gli strumenti idonei a garantire la sicurezza e la riservatezza dei dati stessi, in conformit\u00e0 di quanto previsto dal D.Lgs. 196\/2003. In particolare, saranno adottate tutte le misure tecniche, informatiche, organizzative, logistiche e procedurali di sicurezza, come previste dal D.Lgs. 196\/2003, in modo che sia garantito il livello minimo di protezione dei dati previsto dalla legge, consentendo l\u2019accesso alle sole persone incaricate del trattamento da parte del Titolare o dei Responsabili designati dal Titolare.<\/p>\n\n\n\n<p>Restano pertanto fatti salvi tutte le implicazioni previste dal Reg. UE n. 679\/2016 (GDPR) e ss.mm.ii.<\/p>\n\n\n\n<p><strong>IL TITOLARE DEL TRATTAMENTO E&#8217;: <\/strong>GESTEC SRL A SOCIO UNICO, con sede legale in Via dei Romani n. 24 \u2013 87012 Castrovillari (CS), P. IVA 02931620781; \u00e8 possibile contattare il Titolare, tramite l\u2019indirizzo email: info@gestecsrl.it<strong><\/strong><\/p>\n\n\n\n<p>Ai sensi dell\u2019art. 7 del DLgs. 196\/2003 informiamo che l&#8217;utente ha diritto a ottenere senza ritardo, a cura dei titolari del trattamento dei dati personali:<\/p>\n\n\n\n<ul><li>la conferma dell&#8217;esistenza o meno di dati personali che lo riguardano, anche se non ancora registrati, e la loro comunicazione in forma intelligibile.<\/li><li>l\u2019indicazione:<\/li><li>Dell&#8217;origine dei dati personali;<\/li><li>Delle finalit\u00e0 e modalit\u00e0 del trattamento;<\/li><li>Della logica applicata in caso di trattamento effettuato con l&#8217;ausilio di strumenti elettronici;<\/li><li>Degli estremi identificativi del titolare, dei responsabili e del rappresentante designato ai sensi dell&#8217;articolo 5, comma 2;<\/li><li>Soggetti o delle categorie di soggetti ai quali i dati personali possono essere comunicati o che possono venirne a conoscenza in qualit\u00e0 di rappresentante designato nel territorio dello Stato, di responsabili o incaricati.<\/li><li>Dell&#8217;aggiornamento, la rettificazione ovvero, quando vi ha interesse, l&#8217;integrazione dei dati;<\/li><li>Della cancellazione, la trasformazione in forma anonima o il blocco dei dati trattati in violazione di legge, compresi quelli di cui non \u00e8 necessaria la conservazione in relazione agli scopi per i quali i dati sono stati raccolti o successivamente trattati;<\/li><li>Dell&#8217;attestazione che le operazioni di cui ai punti 6) e 7) di <a href=\"https:\/\/www.corsiformazionecontinua.it\/index.php\/termini-e-condizioni\/\" data-type=\"page\" data-id=\"10\" target=\"_blank\" rel=\"noreferrer noopener\"><strong>Termini e Condizion<\/strong>i <\/a>sono state portate a conoscenza, anche per quanto riguarda il loro contenuto, di coloro ai quali i dati sono stati comunicati o diffusi, eccettuato il caso in cui tale adempimento si rivela impossibile o comporta un impiego di mezzi manifestamente sproporzionato rispetto al diritto tutelato.<\/li><\/ul>\n\n\n\n<p><strong>IL DPO E\u2019: <\/strong>GESTEC SRL A SOCIO UNICO, con sede legale in Via dei Romani n. 24 \u2013 87012 Castrovillari (CS), P. IVA 02931620781, nella persona del suo legale rappresentante; \u00e8 possibile contattare il DPO, tramite l\u2019indirizzo email: info@gestecsrl.it<strong><\/strong><\/p>\n\n\n\n<p><strong>L&#8217;INTERESSATO HA DIRITTO DI OPPORSI, IN TUTTO O IN PARTE:<\/strong><\/p>\n\n\n\n<ul><li>per motivi legittimi al trattamento dei dati personali che lo riguardano, ancorch\u00e9 pertinenti allo scopo della raccolta;<\/li><li>al trattamento di dati personali che lo riguardano a fini di invio di materiale pubblicitario o di vendita.<\/li><\/ul>\n\n\n\n<p><\/p>\n\n\n\n<p><a href=\"https:\/\/www.iubenda.com\/privacy-policy\/54965319\" target=\"_blank\" rel=\"noreferrer noopener\">Privacy Policy<\/a><\/p>\n","protected":false},"excerpt":{"rendered":"<p>www.corsiformazionecontinua.it, sito di propriet\u00e0 di GESTEC SRL A SOCIO UNICO, tratter\u00e0 le informazioni fornite dagli utenti Registrati esclusivamente per finalit\u00e0 strettamente connesse alla registrazione al sito www.corsiformazionecontinua.it (\u201cSito\u201d) nonch\u00e9 alla prestazione dei servizi offerti sul Sito medesimo (es. acquisto; gestione dell\u2019account ecc.), nonch\u00e9 per adempiere ad obblighi di legge o regolamentari. I dati personali saranno &hellip; <\/p>\n","protected":false},"author":1,"featured_media":0,"parent":0,"menu_order":0,"comment_status":"closed","ping_status":"closed","template":"","meta":{"advanced_seo_description":"","spay_email":""},"_links":{"self":[{"href":"https:\/\/www.corsiformazionecontinua.it\/index.php\/wp-json\/wp\/v2\/pages\/156"}],"collection":[{"href":"https:\/\/www.corsiformazionecontinua.it\/index.php\/wp-json\/wp\/v2\/pages"}],"about":[{"href":"https:\/\/www.corsiformazionecontinua.it\/index.php\/wp-json\/wp\/v2\/types\/page"}],"author":[{"embeddable":true,"href":"https:\/\/www.corsiformazionecontinua.it\/index.php\/wp-json\/wp\/v2\/users\/1"}],"replies":[{"embeddable":true,"href":"https:\/\/www.corsiformazionecontinua.it\/index.php\/wp-json\/wp\/v2\/comments?post=156"}],"version-history":[{"count":4,"href":"https:\/\/www.corsiformazionecontinua.it\/index.php\/wp-json\/wp\/v2\/pages\/156\/revisions"}],"predecessor-version":[{"id":1566,"href":"https:\/\/www.corsiformazionecontinua.it\/index.php\/wp-json\/wp\/v2\/pages\/156\/revisions\/1566"}],"wp:attachment":[{"href":"https:\/\/www.corsiformazionecontinua.it\/index.php\/wp-json\/wp\/v2\/media?parent=156"}],"curies":[{"name":"wp","href":"https:\/\/api.w.org\/{rel}","templated":true}]}}