{"id":37,"date":"2022-02-07T22:03:23","date_gmt":"2022-02-07T21:03:23","guid":{"rendered":"http:\/\/www.corsiformazionecontinua.it\/new\/?page_id=37"},"modified":"2022-02-26T15:39:58","modified_gmt":"2022-02-26T14:39:58","slug":"chi-siamo","status":"publish","type":"page","link":"https:\/\/www.corsiformazionecontinua.it\/index.php\/chi-siamo\/","title":{"rendered":"Chi siamo"},"content":{"rendered":"\n<h2><\/h2>\n\n\n\n<p class=\"has-text-align-justify\">Il Centro Studi GESTEC \u00e8 nato con l&#8217;obiettivo di offrire servizi finalizzati alla crescita della persona, attraverso:<\/p>\n\n\n\n<p>&#8211; l&#8217;erogazione di corsi di Alta Formazione<\/p>\n\n\n\n<p>&#8211; l&#8217;espletamento di attivit\u00e0 di valutazione per la certificazione delle competenze professionali<\/p>\n\n\n\n<p class=\"has-text-align-justify\">&#8211; l&#8217;assistenza alle persone, che hanno necessit\u00e0 di recuperare anni scolastici (finalizzati ad acquisire l&#8217;idoneit\u00e0 e\/o la maturit\u00e0), dando loro l&#8217;opportunit\u00e0 di studiare da casa, tramite piattaforma di e-learning, al fine di conseguire il Diploma di Stato per molti indirizzi di studio<\/p>\n\n\n\n<p class=\"has-text-align-justify\">&#8211; l&#8217;erogazione di servizi di orientamento a corsi di formazione, orientamento per iscrizioni a corsi di laurea telematica, fornendo ogni tipologia di assistenza pre-iscrizione, nonch\u00e8 orientamento professionale.<\/p>\n\n\n\n<h2 id=\"le-origini\">Le origini<\/h2>\n\n\n\n<p class=\"has-text-align-justify\">GESTEC \u00e8 un progetto che nasce dalla collaborazione di professionisti aventi svariati decenni di esperienza lavorativa multisettoriale, attivi nel campo delle risorse umane in imprese, strutture di consulenza, enti formativi ed enti ispettivi. In sintonia con i nostri valori e la nostra mission, tutti i consulenti ed i docenti funzionali a GESTEC affiancano alla loro esperienza operativa, specifici percorsi di studio, specializzazione operativa e ricerca. Per questo possiamo offrire, a quanti ci rivolgiamo, un ampio ventaglio di competenze professionali ed un approccio multidisciplinare allo sviluppo delle persone e delle loro organizzazioni, nell&#8217;ottica di assicurare il nostro massimo impegno nella gestione e soluzione delle loro problematiche e criticit\u00e0.<\/p>\n\n\n\n<h2 id=\"perche-scegliere-gestec\">Perch\u00e8 scegliere GESTEC ?<\/h2>\n\n\n\n<p class=\"has-text-align-justify\">Al centro della nostra attivit\u00e0 poniamo l&#8217;UOMO e le sue organizzazioni per seguirlo e instradarlo, in un&#8217;ottica di formazione globale performata, nel suo sviluppo personale e professionale, affermando con forza e migliorando la sua identit\u00e0 e rendendolo protagonista della sua vita personale e professionale.<\/p>\n\n\n\n<p class=\"has-text-align-justify\">GESTEC espleta inoltre ulteriori attivit\u00e0 nel settore delle consulenze nei settori della tecnologia applicata e integrata, avvalendosi di risorse altamente qualificate negli specifici ambiti operativi.<\/p>\n\n\n\n<p class=\"has-text-align-justify\">Scegliere GESTEC significa affidarsi a un team di Tecnici aventi competenze multisettoriali integrate. Ogni attivit\u00e0 svolta da GESTEC fa leva sulla competenza professionale, costantemente e continuativamente aggiornata, dei propri tecnici che hanno fatto delle proprie specializzazioni il rispettivo modello di vita. Ogni impegno lavorativo all&#8217;interno di GESTEC viene affrontato con una visione d&#8217;assieme, attraverso una competenza professionale integrata, in modo da risultare una garanzia per coloro che hanno necessit\u00e0 di &#8220;risolvere&#8221; un proprio problema.<\/p>\n\n\n\n<p><strong><em><span style=\"text-decoration: underline;\">Ulteriori aspetti qualificanti:<\/span><\/em><\/strong><\/p>\n\n\n\n<ul><li>Pagamento rateale dei ns. corsi (alcuni soggetti ad approvazione)<\/li><li>Corsi di formazione\/abilitazione fruibili tramite web da qualunque parte d&#8217;Italia<\/li><li>Disponibilit\u00e0&nbsp;di un vasto&nbsp;catalogo&nbsp;di corsi di formazione\/abilitazione attivi<\/li><li>Corsi&nbsp;di formazione realizzabili su richiesta (possibilit\u00e0 di progettazione ed erogazione di percorsi formativi specifici, istituzionalizzabili)<\/li><li>Corsi&nbsp;di formazione sviluppati per essere essenzialmente chiari e di immediato apprendimento e riscontro, facilmente e per chiunque<\/li><li>Corsi&nbsp;di formazione ad alto contenuto&nbsp;concreto e dimostrativo<\/li><li>Corsi di formazione contenenti moduli pratici e possibilit\u00e0 di effettuare stage aziendali<\/li><li>Verifica immediata dell&#8217;autenticit\u00e0 e della veridicit\u00e0&nbsp;attestati, disciplinata per mezzo del rispetto normativo<\/li><li>Disponibilit\u00e0&nbsp;di attrezzature e strumentazioni tecnologiche per le dimostrazioni &nbsp;pratiche contenute nei corsi di formazione\/abilitazione<\/li><li>Disponibilit\u00e0 di aula informatica per attivit\u00e0 in sede e per collegamenti a distanza con qualunque localit\u00e0 esterna<\/li><li>Disponibilit\u00e0 di piattaforme web per la gestione delle attivit\u00e0 didattiche in e.learning (sincrona e asincrona)<\/li><li>Possibilit\u00e0 di partecipare a corsi di formazione e\/o a taluni esami di abilitazione, aventi moduli pratici, da qualunque localit\u00e0 il corsista\/candidato si trovi<\/li><li>Disponibilit\u00e0 dell&#8217;utilizzo di Lavagna Interattiva Multimediale e ulteriori attrezzature tecnologiche<\/li><li>Disponibilit\u00e0&nbsp;di proprio campo scuola (cantiere didattico) attrezzato per specifiche attivit\u00e0 pratiche nei corsi di formazione<\/li><li>Disponibilit\u00e0&nbsp;ad effettuare corsi di formazione presso le aziende richiedenti<\/li><li>Gestione dati&nbsp;dei corsisti conformemente a quanto disciplina il GDPR 2016\/679 e il D. Lgs. n. 196\/2003<\/li><li>Tutor&nbsp;previsto in ogni corso di formazione\/abilitazione<\/li><li>Docenti&nbsp;qualificati<\/li><li>Servizio&nbsp;di&nbsp;approfondimento delle materie di studio e di assistenza specifica tramite i ns. esperti<\/li><li>Validit\u00e0 delle credenziali di accesso alle ns. piattaforme e.learning per 365 giorni decorrenti dalla data del loro rilascio, sebbene successivamente al termine dei corsi e all&#8217;emissione degli attestati<\/li><li>Convenzioni con le migliori strutture ricettive, a favore di corsisti e personale non residenti e impegnati nei nostri corsi di formazione\/abilitazione erogati in presenza<\/li><\/ul>\n\n\n\n<p><strong><em><span style=\"text-decoration: underline;\">I nostri valori<\/span><\/em><\/strong><\/p>\n\n\n\n<ul><li>Metodica, efficace e utile<\/li><li>Orientamento al riferimento, quale capitale da rivalutare e far crescere<\/li><li>Valorizzazione della persona e delle sue organizzazioni<\/li><li>Innovazione, creativit\u00e0 e crescita<\/li><li>Etica professionale<\/li><\/ul>\n\n\n\n<p><\/p>\n","protected":false},"excerpt":{"rendered":"<p>Il Centro Studi GESTEC \u00e8 nato con l&#8217;obiettivo di offrire servizi finalizzati alla crescita della persona, attraverso: &#8211; l&#8217;erogazione di corsi di Alta Formazione &#8211; l&#8217;espletamento di attivit\u00e0 di valutazione per la certificazione delle competenze professionali &#8211; l&#8217;assistenza alle persone, che hanno necessit\u00e0 di recuperare anni scolastici (finalizzati ad acquisire l&#8217;idoneit\u00e0 e\/o la maturit\u00e0), dando &hellip; <\/p>\n","protected":false},"author":1,"featured_media":0,"parent":0,"menu_order":0,"comment_status":"closed","ping_status":"closed","template":"","meta":{"advanced_seo_description":"","spay_email":""},"_links":{"self":[{"href":"https:\/\/www.corsiformazionecontinua.it\/index.php\/wp-json\/wp\/v2\/pages\/37"}],"collection":[{"href":"https:\/\/www.corsiformazionecontinua.it\/index.php\/wp-json\/wp\/v2\/pages"}],"about":[{"href":"https:\/\/www.corsiformazionecontinua.it\/index.php\/wp-json\/wp\/v2\/types\/page"}],"author":[{"embeddable":true,"href":"https:\/\/www.corsiformazionecontinua.it\/index.php\/wp-json\/wp\/v2\/users\/1"}],"replies":[{"embeddable":true,"href":"https:\/\/www.corsiformazionecontinua.it\/index.php\/wp-json\/wp\/v2\/comments?post=37"}],"version-history":[{"count":20,"href":"https:\/\/www.corsiformazionecontinua.it\/index.php\/wp-json\/wp\/v2\/pages\/37\/revisions"}],"predecessor-version":[{"id":149,"href":"https:\/\/www.corsiformazionecontinua.it\/index.php\/wp-json\/wp\/v2\/pages\/37\/revisions\/149"}],"wp:attachment":[{"href":"https:\/\/www.corsiformazionecontinua.it\/index.php\/wp-json\/wp\/v2\/media?parent=37"}],"curies":[{"name":"wp","href":"https:\/\/api.w.org\/{rel}","templated":true}]}}