{"id":116,"date":"2022-02-13T17:22:10","date_gmt":"2022-02-13T16:22:10","guid":{"rendered":"http:\/\/www.corsiformazionecontinua.it\/new\/?post_type=product&#038;p=116"},"modified":"2025-05-11T13:50:04","modified_gmt":"2025-05-11T11:50:04","slug":"corso-di-studi-on-line-diploma-costruzioni-ambiente-e-territorio","status":"publish","type":"product","link":"https:\/\/www.corsiformazionecontinua.it\/index.php\/prodotto\/corso-di-studi-on-line-diploma-costruzioni-ambiente-e-territorio\/","title":{"rendered":"Corso di studi on line &#8211; Diploma Costruzioni Ambiente e Territorio"},"content":{"rendered":"<p>Il corso di diploma Costruzioni Ambiente e Territorio online \u00e8 un\u2019opportunit\u00e0 unica per chi non pu\u00f2 frequentare in sede e vuole comunque conseguire la maturit\u00e0 studiando a distanza.<\/p>\n<p>La persona che ha completato gli studi diplomandosi nell\u2019indirizzo Costruzioni, Ambiente e Territorio: ha conseguito competenze nel settore e nell\u2019ambito dei materiali e delle macchine impiegati nelle industrie delle costruzioni, nell\u2019uso dei dispositivi per il rilievo, nell\u2019impiego degli strumenti informatici per il calcolo e la rappresentazione grafica, nel calcolo tecnico ed economico delle propriet\u00e0 pubbliche e private presenti nel territorio e nell\u2019uso eccellente delle risorse donate dall\u2019ambiente; avr\u00e0 conseguito inoltre abilit\u00e0 grafiche e progettuali nel settore dell\u2019edilizia, nella gestione ed amministrazione del cantiere, nell\u2019amministrazione degli impianti e nel rilevamento topografico; ha preparazione scolastica per effettuare la stima di terreni, fabbricati ed eventuali altre componenti territoriali, ed inoltre dei diritti reali ad essi annessi, incluse le operazioni catastali; possiede abilit\u00e0 relative l\u2019amministrazione di immobili.<\/p>\n<p>E\u2019 capace inoltre di:<\/p>\n<ul class=\"listing_block\">\n<li>Prendere parte e collaborare negli ambiti produttivi di competenza, cos\u00ec come nella valutazione e compimento di organismi multiformi, di progettare e lavorare in perfetta autosufficienza ed indipendenza nei casi di ridotta rilevanza; adoperarsi in modo indipendente nella gestione, nella cura e nella conduzione di organismi edilizi e nella programmazione e gestione di cantieri mobili attinenti ai fabbricati mobili.<\/li>\n<li>Progettare e adoperare nel settore dell\u2019edilizia ecocompatibile le migliori tecniche e i migliori sistemi per sfruttare al massimo il risparmio energetico, adempiendo sempre al normative vigenti sul rispetto e salvaguardia dell\u2019ambiente.<\/li>\n<li>Progettare e regolare le misure pi\u00f9 adeguate concerni la protezione e difesa della salute e della sicurezza negli spazi lavorativi e di vita quotidiana.<\/li>\n<li>Contribuire, collaborando, nella progettazione e amministrazione delle diverse mansioni aziendali.<\/li>\n<li>Aggiornare e catalogare su carta le varie mansioni svolte nel lavoro.<\/li>\n<\/ul>\n<p>Nella specializzazione in \u201cGeotecnico\u201d, il diplomato possiede una preparazione distinta nell\u2019analisi e uso degli idrocarburi, dei minerali, delle risorse dell\u2019acqua. Si adopera nella gestione dei lavori e nell\u2019assistenza tecnica per gli interventi legati alla perforazione e alla coltivazione. E\u2019 inoltre capace anche di:<\/p>\n<ul class=\"listing_block\">\n<li>Coadiuvare e lavorare insieme alle imprese nella direzione e amministrazione di cantieri volti alla costruzione di dighe, viadotti, tunnel adibiti al passaggio ferroviario e quello stradale. E\u2019 indipendente per quanto concerne quegli interventi legati alla ricerca e accertamento dei requisiti indispensabili per la definizione della rischiosit\u00e0 idrogeologica e geomorfologica, impiegando procedure di campionamento, prove geofisiche, prove dirette ed anche in laboratorio, nelle condizioni relative all\u2019impatto che si ha sull\u2019ambiente.<\/li>\n<li>E\u2019 capace di svolgere operazioni di campagna, nella guida delle bonifiche ambientali del suolo e sotto-suolo.<\/li>\n<li>E\u2019 capace di impiegare le sue capacit\u00e0 nell\u2019utilizzo degli strumenti per i rilievi topografici e per l\u2019elaborazione di cartografia tematica;<\/li>\n<li>Operare nelle vesti di responsabile della sicurezza e dei lavori minerari e nei cantieri che prevedono l\u2019uso di esplosivi.<\/li>\n<\/ul>\n<p>Una volta conclusosi il percorso di studi, il diplomato raggiunge e acquisisce anche i risultati di apprendimento qui sotto meglio specificati:<\/p>\n<ul class=\"listing_block\">\n<li>Valutare i materiali da costruzione in relazione al loro utilizzo e alle direttive richieste dal lavoro in essere..<\/li>\n<li>Individuare le aree libere e i territori, prediligendo quelle metodologie e quelle strumentazioni pi\u00f9 consone programmandone i dati ottenuti.<\/li>\n<li>Impiegare le metodiche della realizzazione, valutazione e progettazione di manufatti e costruzioni di discreto valore, in quelle aree non sismiche, adoperandosi altres\u00ec nei problemi correlati al risparmio energetico legato all\u2019edilizia.<\/li>\n<li>Usare gli strumenti adatti e consoni per la restituzione grafica di piani di lavoro e di rilievi.<\/li>\n<li>Difendere e potenziare le ricchezze dell\u2019ambiente e del territorio.<\/li>\n<li>Svolgere operazioni di valutazione e stima nel settore privato e pubblico legate al territorio e all\u2019edilizia.<\/li>\n<li>Amministrare le attivit\u00e0 commerciali degli organismi edilizi.<\/li>\n<li>Pianificare e seguire i cantieri mobili rispettando sempre le leggi vigenti sulla sicurezza.<\/li>\n<\/ul>\n<p><em><strong>Piano degli Studi del Diploma di Costruzioni Ambiente e Territorio<\/strong><\/em><\/p>\n<p>&nbsp;<\/p>\n","protected":false},"excerpt":{"rendered":"<p>Il corso di diploma Costruzioni Ambiente e Territorio online \u00e8 un\u2019opportunit\u00e0 unica per chi non pu\u00f2 frequentare in sede e vuole comunque conseguire la maturit\u00e0 studiando a distanza.<img loading=\"lazy\" class=\"alignnone size-medium wp-image-118\" src=\"http:\/\/www.corsiformazionecontinua.it\/new\/wp-content\/uploads\/2022\/02\/tabella-discipline-271x300.jpg\" alt=\"\" width=\"271\" height=\"300\" srcset=\"https:\/\/www.corsiformazionecontinua.it\/wp-content\/uploads\/2022\/02\/tabella-discipline-271x300.jpg 271w, https:\/\/www.corsiformazionecontinua.it\/wp-content\/uploads\/2022\/02\/tabella-discipline-54x60.jpg 54w, https:\/\/www.corsiformazionecontinua.it\/wp-content\/uploads\/2022\/02\/tabella-discipline-600x664.jpg 600w, https:\/\/www.corsiformazionecontinua.it\/wp-content\/uploads\/2022\/02\/tabella-discipline.jpg 699w\" sizes=\"(max-width: 271px) 100vw, 271px\" \/><\/p>\n","protected":false},"featured_media":119,"comment_status":"open","ping_status":"closed","template":"","meta":{"advanced_seo_description":"","spay_email":""},"product_cat":[15,18,49],"product_tag":[],"_links":{"self":[{"href":"https:\/\/www.corsiformazionecontinua.it\/index.php\/wp-json\/wp\/v2\/product\/116"}],"collection":[{"href":"https:\/\/www.corsiformazionecontinua.it\/index.php\/wp-json\/wp\/v2\/product"}],"about":[{"href":"https:\/\/www.corsiformazionecontinua.it\/index.php\/wp-json\/wp\/v2\/types\/product"}],"replies":[{"embeddable":true,"href":"https:\/\/www.corsiformazionecontinua.it\/index.php\/wp-json\/wp\/v2\/comments?post=116"}],"wp:featuredmedia":[{"embeddable":true,"href":"https:\/\/www.corsiformazionecontinua.it\/index.php\/wp-json\/wp\/v2\/media\/119"}],"wp:attachment":[{"href":"https:\/\/www.corsiformazionecontinua.it\/index.php\/wp-json\/wp\/v2\/media?parent=116"}],"wp:term":[{"taxonomy":"product_cat","embeddable":true,"href":"https:\/\/www.corsiformazionecontinua.it\/index.php\/wp-json\/wp\/v2\/product_cat?post=116"},{"taxonomy":"product_tag","embeddable":true,"href":"https:\/\/www.corsiformazionecontinua.it\/index.php\/wp-json\/wp\/v2\/product_tag?post=116"}],"curies":[{"name":"wp","href":"https:\/\/api.w.org\/{rel}","templated":true}]}}