{"id":1571,"date":"2022-03-01T01:38:19","date_gmt":"2022-03-01T00:38:19","guid":{"rendered":"https:\/\/www.corsiformazionecontinua.it\/?post_type=product&#038;p=1571"},"modified":"2025-07-16T14:37:35","modified_gmt":"2025-07-16T12:37:35","slug":"corso-di-formazione-addetto-ai-lavori-elettrici-pes-pav-16-ore","status":"publish","type":"product","link":"https:\/\/www.corsiformazionecontinua.it\/index.php\/prodotto\/corso-di-formazione-addetto-ai-lavori-elettrici-pes-pav-16-ore\/","title":{"rendered":"Corso di Formazione &#8220;Addetto ai lavori elettrici (PES, PAV)&#8221; &#8211; 16 ore"},"content":{"rendered":"<p>Il D. Lgs. n. 81\/2008 dedica una particolare attenzione al \u201cRischio Elettrico\u201d, per le attivit\u00e0 di manutenzione e per alcuni casi di installazione; nel citato T.U. vengono fatte salve le Norme Tecniche di settore, alle quali si rimanda per una pi\u00f9 puntuale e coerente attivit\u00e0 lavorativa.<\/p>\n<p>Per quanto sopra, per questo tipo di lavoro esistono procedure di lavoro ben definite e dettagliate che servono a \u201cinformare\u201d gli operatori sui rischi specifici e a \u201cformare\u201d gli stessi operatori all\u2019esercizio consapevole della loro attivit\u00e0.<\/p>\n<p>I lavori elettrici devono pertanto essere eseguiti da figure ben individuate e, a seconda del livello di rischio elettrico, definite \u201cPES\u201d, \u201cPAV\u201d, \u201cPEI\u201d (persone cos\u00ec qualificate e in possesso di specifica formazione professionale e tecnica).<\/p>\n<p>Ogni datore di lavoro ha l\u2019obbligo di affidare l\u2019esecuzione dei suddetti lavori a persone in possesso dei titoli suddetti, riconoscendo alle stesse persone l&#8217;adeguata qualifica.<\/p>\n<p>Secondo quanto stabilito dalle norme suddette, per poter esercitare le attivit\u00e0 manutentive e alcune attivit\u00e0 installative, \u00e8 necessario frequentare uno specifico corso di formazione per la rispettiva classe di rischio; il corso \u00e8 qui proposto ed \u00e8 aggiornato all&#8217;ultima norma CEI 11-27 (ed. settembre 2021).<\/p>\n<p>L\u2019aggiornamento periodico della formazione \u00e8 ripetuto in relazione all\u2019evoluzione dei rischi o all\u2019insorgenza di nuovi rischi; in assenza di indicazioni verticali \u00e8 quinquennale.<\/p>\n","protected":false},"excerpt":{"rendered":"<p>La Norma CEI 11-27 definisce il lavoro sotto tensione come \u201cogni attivit\u00e0 dell\u2019operatore che entra deliberatamente nella zona di lavoro sotto tensione con qualsiasi parte del corpo o con utensili, apparecchi di misura o dispositivi da lui maneggiati\u201d.<\/p>\n<p>Il rischio elettrico \u00e8 per definizione la fonte di un possibile infortunio o danno per la salute in presenza di energia elettrica in un impianto elettrico.<br \/>\nL\u2019infortunio elettrico ovvero la lesione personale o addirittura la morte pu\u00f2 essere causato da folgorazione, da un\u2019ustione elettrica, da arco elettrico, o da incendio od esplosione originati dalla energia elettrica a seguito di una qualsiasi operazione di esercizio su un impianto elettrico.<\/p>\n<p>Il Corso di Formazione qui proposto risulta fondamentale per dare al corsista, addetto ai lavori elettrici, la formazione come da norma CEI di riferimento e come da D. Lgs. n. 81\/08; seguendo il corso, il corsista assolve al proprio compito stabilito dalle norme vigenti in materia.<\/p>\n","protected":false},"featured_media":1572,"comment_status":"open","ping_status":"closed","template":"","meta":{"advanced_seo_description":"","spay_email":""},"product_cat":[15,18,56,50,17],"product_tag":[73,124,122,123,121,120,79,71,64,63,72,60,61,59,62],"_links":{"self":[{"href":"https:\/\/www.corsiformazionecontinua.it\/index.php\/wp-json\/wp\/v2\/product\/1571"}],"collection":[{"href":"https:\/\/www.corsiformazionecontinua.it\/index.php\/wp-json\/wp\/v2\/product"}],"about":[{"href":"https:\/\/www.corsiformazionecontinua.it\/index.php\/wp-json\/wp\/v2\/types\/product"}],"replies":[{"embeddable":true,"href":"https:\/\/www.corsiformazionecontinua.it\/index.php\/wp-json\/wp\/v2\/comments?post=1571"}],"wp:featuredmedia":[{"embeddable":true,"href":"https:\/\/www.corsiformazionecontinua.it\/index.php\/wp-json\/wp\/v2\/media\/1572"}],"wp:attachment":[{"href":"https:\/\/www.corsiformazionecontinua.it\/index.php\/wp-json\/wp\/v2\/media?parent=1571"}],"wp:term":[{"taxonomy":"product_cat","embeddable":true,"href":"https:\/\/www.corsiformazionecontinua.it\/index.php\/wp-json\/wp\/v2\/product_cat?post=1571"},{"taxonomy":"product_tag","embeddable":true,"href":"https:\/\/www.corsiformazionecontinua.it\/index.php\/wp-json\/wp\/v2\/product_tag?post=1571"}],"curies":[{"name":"wp","href":"https:\/\/api.w.org\/{rel}","templated":true}]}}