{"id":1574,"date":"2022-03-03T21:11:11","date_gmt":"2022-03-03T20:11:11","guid":{"rendered":"https:\/\/www.corsiformazionecontinua.it\/?post_type=product&#038;p=1574"},"modified":"2026-02-10T08:46:05","modified_gmt":"2026-02-10T07:46:05","slug":"corso-di-formazione-addetto-ai-lavori-su-veicoli-elettrici-e-ibridi-pes-pav-16-ore-on-line","status":"publish","type":"product","link":"https:\/\/www.corsiformazionecontinua.it\/index.php\/prodotto\/corso-di-formazione-addetto-ai-lavori-su-veicoli-elettrici-e-ibridi-pes-pav-16-ore-on-line\/","title":{"rendered":"Corso di formazione &#8220;Addetto ai lavori su veicoli elettrici e ibridi (PES, PAV)&#8221; &#8211; 16 ore &#8211; on line"},"content":{"rendered":"<p>I veicoli elettrici contengono impianti che, per la loro natura e funzione, nelle attivit\u00e0 manutentive generano rischi elevati; pertanto, per la normativa italiana, sono da considerare come cabine elettriche e questo significa che per riparare un veicolo di questo tipo (sia esso autovettura o altro), ovvero per effettuare operazioni di primo intervento in caso di incidenti stradali, \u00e8 necessaria una formazione specifica, prevista dalle Norme CEI di riferimento, quali CEI 11-27 e CEI EN 50110 (CEI 11-48), erogata da Enti di Formazione appositamente autorizzati e accreditati, a seguito di specifico percorso formativo tenuto sia da docenti che da istruttori adeguatamente abilitati.<\/p>\n<p>La Norma CEI 11-27 definisce il lavoro sotto tensione <em>\u201cogni attivit\u00e0 dell\u2019operatore che entra deliberatamente nella zona di lavoro sotto tensione con qualsiasi parte del corpo o con utensili, apparecchi di misura o dispositivi da lui maneggiati\u201d<\/em>. Per quanto sopra, per questo tipo di lavoro esistono procedure di lavoro ben definite e dettagliate che servono a \u201cinformare\u201d gli operatori sui rischi specifici e a \u201cformare\u201d gli stessi operatori all\u2019esercizio consapevole della loro attivit\u00e0.<\/p>\n<p>L&#8217;<a href=\"http:\/\/www.iso.org\/iso\/home.htm\"><strong>ISO<\/strong><\/a>\u00a0ha pubblicato la norma 6469 che fornisce le specifiche di sicurezza per i veicoli stradali elettrici. Le due parti della stessa fornisce un quadro di riferimento utile al personale addetto alla sicurezza e ai servizi di soccorso che deve intervenire in caso di incidente quando sono coinvolti questo tipo di veicoli. La\u00a0ISO 6469 specifica i requisiti applicabili ai sistemi di propulsione elettrica e ai sistemi elettrici ausiliari per la protezione delle persone all&#8217;interno e all&#8217;esterno di un veicolo elettrico. Secondo quanto stabilito dalle norme CEI suddette, per poter esercitare le attivit\u00e0 manutentive e alcune attivit\u00e0 installative, \u00e8 necessario frequentare uno specifico corso di formazione per la rispettiva classe di rischio.<\/p>\n<p>I destinatari del corso di formazione sono i Responsabili tecnici e dipendenti di officine meccatroniche abilitate alla manutenzione di veicoli ibridi ed elettrici, nei quali sono presenti rischi elettrici.<\/p>\n<p>Il corso \u00e8 interamente on-line e potr\u00e0 essere seguito in qualunque momento della giornata, tutti i giorni, compresi i festivi. Le credenziali per l&#8217;accesso alla piattaforma fad saranno trasmesse al corsista entro 24-48 ore dal momento della sua iscrizione.<br \/>\nLe credenziali che ricever\u00e0 il corsista resteranno operative per 365 giorni dal giorno in cui le ha ricevute, sebbene abbia gi\u00e0 ricevuto l&#8217;attestato; in questo modo il corsista potr\u00e0 continuare a beneficiare gratuitamente della fruizione del corso e utilizzare quindi questo importante strumento normativo. Ogni aggiornamento normativo inerente il corso ed edito nei 365 giorni di validit\u00e0 delle credenziali sar\u00e0 disponibile gratuitamente anche dopo il rilascio dell&#8217;attestato.<br \/>\nIn pratica il corso si rivela un ottima opportunit\u00e0 in quanto rappresenta un vero strumento di lavoro utile anche e soprattutto dopo aver ricevuto l&#8217;attestato finale di partecipazione al corso.<\/p>\n<p style=\"text-align: justify;\">Il corso di formazione \u00e8 caratterizzato da un protocollo univoco, che identifica il corso stesso.<\/p>\n<p style=\"text-align: justify;\">L\u2019attestato rilasciato al termine del corso reca il codice di controllo univoco e il qr-code, indispensabili per il controllo sull\u2019integrit\u00e0 dell\u2019attestato stesso e la veridicit\u00e0 del suo contenuto. Il controllo tramite il codice di controllo pu\u00f2 essere agevolmente effettuato facendo click sull\u2019apposito pulsante presente nell\u2019home page di questo sito web, dopo aver inserito l\u2019intera stringa di caratteri alfanumerici. La verifica tramite qr-code pu\u00f2 essere effettuata invece tramite la webcam di uno smartphone connesso a internet.<\/p>\n","protected":false},"excerpt":{"rendered":"<p>La sicurezza e la tutela della salute sono compiti direttivi.<\/p>\n<p>Tuttavia, per garantire questi due aspetti \u00e8 indispensabile che i lavoratori diventino parte attiva nell\u2019architettura dei posti di lavori, nell\u2019acquisto delle attrezzature e nell\u2019organizzazione del lavoro. La cultura della sicurezza \u00e8 un lavoro di squadra. Le colonne portanti di un sistema di sicurezza efficiente sono le installazioni e gli apparecchi tecnici, che devono essere sicuri, e il personale, che deve essere adeguatamente formato e istruito.<\/p>\n<p>La partecipazione attiva al corso in questione rappresenta per lo studente attento un&#8217;ottima opportunit\u00e0 per capitalizzare le informazioni importanti e la formazione adeguata e incoraggia altres\u00ec la capacit\u00e0 di intervenire mediante procedure corrette e secondo le Norme CEI.<\/p>\n<p>Il corso di formazione qui proposto \u00e8 aggiornato alla Norma CEI 11-27 edizione del settembre 2021.<\/p>\n","protected":false},"featured_media":1575,"comment_status":"open","ping_status":"closed","template":"","meta":{"advanced_seo_description":"","spay_email":""},"product_cat":[15,18,56,50,17],"product_tag":[74,120,119,79,118,116,117,66,65,75,67],"_links":{"self":[{"href":"https:\/\/www.corsiformazionecontinua.it\/index.php\/wp-json\/wp\/v2\/product\/1574"}],"collection":[{"href":"https:\/\/www.corsiformazionecontinua.it\/index.php\/wp-json\/wp\/v2\/product"}],"about":[{"href":"https:\/\/www.corsiformazionecontinua.it\/index.php\/wp-json\/wp\/v2\/types\/product"}],"replies":[{"embeddable":true,"href":"https:\/\/www.corsiformazionecontinua.it\/index.php\/wp-json\/wp\/v2\/comments?post=1574"}],"wp:featuredmedia":[{"embeddable":true,"href":"https:\/\/www.corsiformazionecontinua.it\/index.php\/wp-json\/wp\/v2\/media\/1575"}],"wp:attachment":[{"href":"https:\/\/www.corsiformazionecontinua.it\/index.php\/wp-json\/wp\/v2\/media?parent=1574"}],"wp:term":[{"taxonomy":"product_cat","embeddable":true,"href":"https:\/\/www.corsiformazionecontinua.it\/index.php\/wp-json\/wp\/v2\/product_cat?post=1574"},{"taxonomy":"product_tag","embeddable":true,"href":"https:\/\/www.corsiformazionecontinua.it\/index.php\/wp-json\/wp\/v2\/product_tag?post=1574"}],"curies":[{"name":"wp","href":"https:\/\/api.w.org\/{rel}","templated":true}]}}