{"id":1592,"date":"2023-05-29T00:30:49","date_gmt":"2023-05-28T22:30:49","guid":{"rendered":"https:\/\/www.corsiformazionecontinua.it\/?post_type=product&#038;p=1592"},"modified":"2025-07-14T09:06:06","modified_gmt":"2025-07-14T07:06:06","slug":"esperto-in-interventi-di-risanamento-da-gas-radon-in-edilizia-60-ore","status":"publish","type":"product","link":"https:\/\/www.corsiformazionecontinua.it\/index.php\/prodotto\/esperto-in-interventi-di-risanamento-da-gas-radon-in-edilizia-60-ore\/","title":{"rendered":"Corso di formazione ESPERTO IN INTERVENTI DI RISANAMENTO DA GAS RADON IN EDILIZIA &#8211; 60 ore"},"content":{"rendered":"<p><img loading=\"lazy\" class=\"alignnone size-medium wp-image-1593\" src=\"https:\/\/www.corsiformazionecontinua.it\/wp-content\/uploads\/2023\/05\/locandina-con-logo-comune-frascineto1-300x212.jpg\" alt=\"\" width=\"300\" height=\"212\" srcset=\"https:\/\/www.corsiformazionecontinua.it\/wp-content\/uploads\/2023\/05\/locandina-con-logo-comune-frascineto1-300x212.jpg 300w, https:\/\/www.corsiformazionecontinua.it\/wp-content\/uploads\/2023\/05\/locandina-con-logo-comune-frascineto1-1024x724.jpg 1024w, https:\/\/www.corsiformazionecontinua.it\/wp-content\/uploads\/2023\/05\/locandina-con-logo-comune-frascineto1-768x543.jpg 768w, https:\/\/www.corsiformazionecontinua.it\/wp-content\/uploads\/2023\/05\/locandina-con-logo-comune-frascineto1-1536x1086.jpg 1536w, https:\/\/www.corsiformazionecontinua.it\/wp-content\/uploads\/2023\/05\/locandina-con-logo-comune-frascineto1-85x60.jpg 85w, https:\/\/www.corsiformazionecontinua.it\/wp-content\/uploads\/2023\/05\/locandina-con-logo-comune-frascineto1-600x424.jpg 600w, https:\/\/www.corsiformazionecontinua.it\/wp-content\/uploads\/2023\/05\/locandina-con-logo-comune-frascineto1.jpg 1684w\" sizes=\"(max-width: 300px) 100vw, 300px\" \/><\/p>\n","protected":false},"excerpt":{"rendered":"<p><img loading=\"lazy\" class=\"alignnone size-medium wp-image-1593\" src=\"https:\/\/www.corsiformazionecontinua.it\/wp-content\/uploads\/2023\/05\/locandina-con-logo-comune-frascineto1-300x212.jpg\" alt=\"\" width=\"300\" height=\"212\" srcset=\"https:\/\/www.corsiformazionecontinua.it\/wp-content\/uploads\/2023\/05\/locandina-con-logo-comune-frascineto1-300x212.jpg 300w, https:\/\/www.corsiformazionecontinua.it\/wp-content\/uploads\/2023\/05\/locandina-con-logo-comune-frascineto1-1024x724.jpg 1024w, https:\/\/www.corsiformazionecontinua.it\/wp-content\/uploads\/2023\/05\/locandina-con-logo-comune-frascineto1-768x543.jpg 768w, https:\/\/www.corsiformazionecontinua.it\/wp-content\/uploads\/2023\/05\/locandina-con-logo-comune-frascineto1-1536x1086.jpg 1536w, https:\/\/www.corsiformazionecontinua.it\/wp-content\/uploads\/2023\/05\/locandina-con-logo-comune-frascineto1-85x60.jpg 85w, https:\/\/www.corsiformazionecontinua.it\/wp-content\/uploads\/2023\/05\/locandina-con-logo-comune-frascineto1-600x424.jpg 600w, https:\/\/www.corsiformazionecontinua.it\/wp-content\/uploads\/2023\/05\/locandina-con-logo-comune-frascineto1.jpg 1684w\" sizes=\"(max-width: 300px) 100vw, 300px\" \/>Il gas radon presente negli edifici rappresenta la seconda causa di morte per cancro del polmone dopo il fumo.<\/p>\n<p>L\u2019art. 15 del decreto Legislativo 101\/2020 e s.m.i, ha stabilito che, l\u2019Esperto in interventi di risanamento da radon nell\u2019edilizia, deve essere in possesso dei seguenti requisiti:<\/p>\n<ol>\n<li>a) abilitazione professionale che consenta l\u2019esercizio di attivit\u00e0 di progettazione di opere edili, con iscrizione all\u2019Albo professionale (geometri, architetti, ingegneri, periti edili);<\/li>\n<li>b) partecipazione a corsi di formazione ed aggiornamento dedicati, della durata di 60 ore, su progettazione, attuazione, gestione e controllo degli interventi correttivi per la riduzione della concentrazione di attivit\u00e0 di radon negli edifici. Tali corsi devono prevedere una verifica della formazione acquisita;<\/li>\n<li>c) fatto salvo quanto previsto dall\u2019articolo 24, comma 3, del decreto legislativo 16 aprile2016, n. 50, l\u2019iscrizione nell\u2019albo professionale.<\/li>\n<\/ol>\n<p>Il corso proposto persegue l&#8217;obiettivo di cui al p.to b) del D. Lgs. n. 101\/2020 e consente al discente di acquisire le nozioni necessarie per affrontare la mitigazione del gas Radon negli edifici e diventare subito operativo nel monitoraggio e azioni di rimedio.<\/p>\n<p>Il corso sar\u00e0 svolto online, con docenti a disposizione, con i quali il corsista potr\u00e0 affrontate le specifiche attivit\u00e0 di rilevamento e di cantiere per le azioni di bonifica richieste.<\/p>\n","protected":false},"featured_media":1593,"comment_status":"open","ping_status":"closed","template":"","meta":{"advanced_seo_description":"","spay_email":""},"product_cat":[15],"product_tag":[172,170,112,110,111,169,168,171,167,79,165,163,164,162,161,166],"_links":{"self":[{"href":"https:\/\/www.corsiformazionecontinua.it\/index.php\/wp-json\/wp\/v2\/product\/1592"}],"collection":[{"href":"https:\/\/www.corsiformazionecontinua.it\/index.php\/wp-json\/wp\/v2\/product"}],"about":[{"href":"https:\/\/www.corsiformazionecontinua.it\/index.php\/wp-json\/wp\/v2\/types\/product"}],"replies":[{"embeddable":true,"href":"https:\/\/www.corsiformazionecontinua.it\/index.php\/wp-json\/wp\/v2\/comments?post=1592"}],"wp:featuredmedia":[{"embeddable":true,"href":"https:\/\/www.corsiformazionecontinua.it\/index.php\/wp-json\/wp\/v2\/media\/1593"}],"wp:attachment":[{"href":"https:\/\/www.corsiformazionecontinua.it\/index.php\/wp-json\/wp\/v2\/media?parent=1592"}],"wp:term":[{"taxonomy":"product_cat","embeddable":true,"href":"https:\/\/www.corsiformazionecontinua.it\/index.php\/wp-json\/wp\/v2\/product_cat?post=1592"},{"taxonomy":"product_tag","embeddable":true,"href":"https:\/\/www.corsiformazionecontinua.it\/index.php\/wp-json\/wp\/v2\/product_tag?post=1592"}],"curies":[{"name":"wp","href":"https:\/\/api.w.org\/{rel}","templated":true}]}}