{"id":1611,"date":"2023-07-30T23:51:09","date_gmt":"2023-07-30T21:51:09","guid":{"rendered":"https:\/\/www.corsiformazionecontinua.it\/?post_type=product&#038;p=1611"},"modified":"2026-01-27T02:43:29","modified_gmt":"2026-01-27T01:43:29","slug":"corso-di-formazione-sanificazione-serbatoi-e-impianti-24-ore-on-line","status":"publish","type":"product","link":"https:\/\/www.corsiformazionecontinua.it\/index.php\/prodotto\/corso-di-formazione-sanificazione-serbatoi-e-impianti-24-ore-on-line\/","title":{"rendered":"Corso di formazione \u201cSanificazione serbatoi e impianti\u201d &#8211; 24 ore on-line"},"content":{"rendered":"<p>Il corso fornisce ai partecipanti le competenze tecniche, normative e di gestione\u00a0necessarie per garantire la bonifica di serbatoi e impianti, nonch\u00e9 il mantenimento degli standard qualitativi dell\u2019acqua potabile, con gli evidenti effetti benefici, relativamente all\u2019uso domestico, nel terziario o industriale. Il corso prevede importanti riferimenti alle norme UNI EN ISO 22000:2018, UNI ISO 22003-1:2022, UNI ISO\/TS 22002-3:2013 emanate in materia di sicurezza alimentare.<\/p>\n<p>Il corso di formazione \u201cSanificazione serbatoi e impianti\u201d si prefigge l\u2019obiettivo di formare tecnici specializzati<strong>\u00a0<\/strong>nella programmazione delle attivit\u00e0 relative, scelta degli interventi e nella esecuzione degli stessi concernenti un\u2019adeguata manutenzione che non si limiti soltanto a fattori di tipo ordinario, ma si occupi anche dell\u2019eliminazione del biofilm, ossia la pellicola di acqua e materiale organico e inorganico che si crea nelle pareti interne delle condotte e delle vasche idriche, quale habitat prediletto dal batterio della Legionella, nonch\u00e9 fattore che ne favorisce la proliferazione, in quanto permette al batterio di resistere anche a condizioni ambientali avverse.<\/p>\n<p>Il corso \u00e8 diretto a persone in cerca di una vera opportunit\u00e0 per una solida formazione come Addetto alle attivit\u00e0 manutentive e di sanificazione di serbatoi e impianti, ma anche a chi gi\u00e0 lavora in questo settore, per l\u2019ottima occasione di aggiornarsi alle tecniche e ampliare la sfera delle proprie conoscenze in materia di tecnica manutentiva anche in sicurezza e normative specifiche correlate.<\/p>\n<p>Il corso \u00e8 fruibile in e.learning, ideale per chi lavora e ha tempo limitato per seguire un corso in presenza.<\/p>\n<p>A fine corso sono previsti il rilascio dell\u2019attestato di formazione munito di qr-code di verifica validit\u00e0, veridicit\u00e0 e dell&#8217;integrit\u00e0 dell&#8217;attestato, nonch\u00e8 la segnalazione del corsista alle imprese del settore interessate all\u2019assunzione.<\/p>\n<p>Sebbene si avvenuto il rilascio dell\u2019attestato, le credenziali di accesso alla piattaforma restano valide 365 giorni dal loro rilascio, al fine di consentire al corsista di poter ri-accedere gratuitamente, in qualunque momento e da qualunque dispositivo collegato a rete internet per rivedere tutto o parte del corso, nonch\u00e9 di usufruire gratuitamente degli aggiornamenti tecnici e normativi pubblicati sulla piattaforma nei 365 giorni di validit\u00e0 delle credenziali.<\/p>\n<p>Possibilit\u00e0 di pagamento rateale del corso previa approvazione dell&#8217;Organismo finanziatore.<\/p>\n","protected":false},"excerpt":{"rendered":"<p>Corso di formazione fruibile in e.learning (fad asincrona), ideale per chi lavora nel settore del trattamento e sanificazione di serbatoi e impianti, con particolar riferimento a quelli contenenti acqua potabile.<\/p>\n","protected":false},"featured_media":1612,"comment_status":"open","ping_status":"closed","template":"","meta":{"advanced_seo_description":"","spay_email":""},"product_cat":[15,18,186,57,51],"product_tag":[201,194,200,195,198,199,196,197],"_links":{"self":[{"href":"https:\/\/www.corsiformazionecontinua.it\/index.php\/wp-json\/wp\/v2\/product\/1611"}],"collection":[{"href":"https:\/\/www.corsiformazionecontinua.it\/index.php\/wp-json\/wp\/v2\/product"}],"about":[{"href":"https:\/\/www.corsiformazionecontinua.it\/index.php\/wp-json\/wp\/v2\/types\/product"}],"replies":[{"embeddable":true,"href":"https:\/\/www.corsiformazionecontinua.it\/index.php\/wp-json\/wp\/v2\/comments?post=1611"}],"wp:featuredmedia":[{"embeddable":true,"href":"https:\/\/www.corsiformazionecontinua.it\/index.php\/wp-json\/wp\/v2\/media\/1612"}],"wp:attachment":[{"href":"https:\/\/www.corsiformazionecontinua.it\/index.php\/wp-json\/wp\/v2\/media?parent=1611"}],"wp:term":[{"taxonomy":"product_cat","embeddable":true,"href":"https:\/\/www.corsiformazionecontinua.it\/index.php\/wp-json\/wp\/v2\/product_cat?post=1611"},{"taxonomy":"product_tag","embeddable":true,"href":"https:\/\/www.corsiformazionecontinua.it\/index.php\/wp-json\/wp\/v2\/product_tag?post=1611"}],"curies":[{"name":"wp","href":"https:\/\/api.w.org\/{rel}","templated":true}]}}