{"id":1618,"date":"2023-09-22T20:59:48","date_gmt":"2023-09-22T18:59:48","guid":{"rendered":"https:\/\/www.corsiformazionecontinua.it\/?post_type=product&#038;p=1618"},"modified":"2026-02-23T10:34:48","modified_gmt":"2026-02-23T09:34:48","slug":"corso-di-stenografia-30-ore-on-line","status":"publish","type":"product","link":"https:\/\/www.corsiformazionecontinua.it\/index.php\/prodotto\/corso-di-stenografia-30-ore-on-line\/","title":{"rendered":"Corso di Stenografia &#8211; 30 ore on line"},"content":{"rendered":"<p>Corso di formazione teorico pratico di STENOGRAFIA, interamente fruibile in e.learning, ideale per chi lavora e ha tempo limitato per seguire un corso in presenza. Previsti anche videolezioni che facilitano ulteriormente l\u2019apprendimento.<\/p>\n<p>Il corso di STENOGRAFIA si prefigge l\u2019obiettivo di formare il partecipante alla scrittura stenografica mediante il metodo CIMA (previsti upgrade per ulteriori altri metodi). Agli allievi saranno rese disponibili on line le slide e i video anche al fine di effettuare varie esercitazioni.<\/p>\n<p>Il corso \u00e8 diretto a persone in cerca di una vera opportunit\u00e0 per imparare a scrivere e leggere in modalit\u00e0 stenografica, ma anche a chi gi\u00e0 \u00e8 in possesso della tecnica e desidera approfondire la materia ed esercitarsi per migliorare le proprie performances. Il corso, inoltre \u00e8 orientato a chi partecipa a concorsi per un primo impiego e\/o per un miglioramento della propria posizione lavorativa giuridica ed economica.<\/p>\n<p>Previsto tutor dedicato. Le credenziali di accesso alla piattaforma e.learning restano valide 365 giorni, sebbene il corsista abbia terminato il corso e ricevuto l\u2019attestato; ci\u00f2 consentir\u00e0 al corsista di poter accedere alla piattaforma e.learning, gratuitamente e con le stesse credenziali, anche dopo aver completato il corso nonch\u00e9 usufruire gratuitamente degli aggiornamenti eventualmente editi nel corso del periodo di validit\u00e0 delle proprie credenziali. Inoltre, con l\u2019acquisto di un ulteriore corso di formazione e.learning, prima della scadenza delle credenziali (prima dei 365 giorni di validit\u00e0 delle credenziali) al corsista sar\u00e0 garantito l\u2019accesso a tutti i corsi ai quali si \u00e8 iscritto precedentemente, per un periodo di 365 giorni corrispondente a quello di validit\u00e0 delle credenziali rinnovate grazie all\u2019iscrizione al nuovo corso, in questo modo, il corsista beneficer\u00e0 degli aggiornamenti sui corsi ai quali si \u00e8 iscritto precedentemente.<\/p>\n<p>A fine corso \u00e8 previsto il rilascio dell\u2019attestato di formazione munito di qr-code di verifica validit\u00e0, veridicit\u00e0 e dell&#8217;integrit\u00e0 dell&#8217;attestato.<\/p>\n<p>Il corso prevede esercitazioni pratiche con brani da copiare e leggere.<\/p>\n","protected":false},"excerpt":{"rendered":"<p>Il corso fornisce ai partecipanti gli strumenti per la scrittura in stenografia, mediante il metodo CIMA.<\/p>\n<p>Consigliatissimo anche per i partecipanti a concorsi pubblici e privati, nei quali \u00e8 espressamente richiesta la capacit\u00e0 di scrittura stenografica.<\/p>\n","protected":false},"featured_media":1619,"comment_status":"open","ping_status":"closed","template":"","meta":{"advanced_seo_description":"","spay_email":""},"product_cat":[15,18,58],"product_tag":[112,110,111,79,227,231,236,228,234,229,230,239,238,235,232,233,226,237],"_links":{"self":[{"href":"https:\/\/www.corsiformazionecontinua.it\/index.php\/wp-json\/wp\/v2\/product\/1618"}],"collection":[{"href":"https:\/\/www.corsiformazionecontinua.it\/index.php\/wp-json\/wp\/v2\/product"}],"about":[{"href":"https:\/\/www.corsiformazionecontinua.it\/index.php\/wp-json\/wp\/v2\/types\/product"}],"replies":[{"embeddable":true,"href":"https:\/\/www.corsiformazionecontinua.it\/index.php\/wp-json\/wp\/v2\/comments?post=1618"}],"wp:featuredmedia":[{"embeddable":true,"href":"https:\/\/www.corsiformazionecontinua.it\/index.php\/wp-json\/wp\/v2\/media\/1619"}],"wp:attachment":[{"href":"https:\/\/www.corsiformazionecontinua.it\/index.php\/wp-json\/wp\/v2\/media?parent=1618"}],"wp:term":[{"taxonomy":"product_cat","embeddable":true,"href":"https:\/\/www.corsiformazionecontinua.it\/index.php\/wp-json\/wp\/v2\/product_cat?post=1618"},{"taxonomy":"product_tag","embeddable":true,"href":"https:\/\/www.corsiformazionecontinua.it\/index.php\/wp-json\/wp\/v2\/product_tag?post=1618"}],"curies":[{"name":"wp","href":"https:\/\/api.w.org\/{rel}","templated":true}]}}