{"id":1652,"date":"2024-03-23T21:17:05","date_gmt":"2024-03-23T20:17:05","guid":{"rendered":"https:\/\/www.corsiformazionecontinua.it\/?post_type=product&#038;p=1652"},"modified":"2024-10-11T20:01:44","modified_gmt":"2024-10-11T18:01:44","slug":"corso-di-formazione-supervisore-ingegnere-di-manutenzione-liv-2-compiti-conoscenze-abilita-e-competenze-nel-contesto-di-impianti-infrastrutture-e-sistemi-di-produzione-uni-en-156282014","status":"publish","type":"product","link":"https:\/\/www.corsiformazionecontinua.it\/index.php\/prodotto\/corso-di-formazione-supervisore-ingegnere-di-manutenzione-liv-2-compiti-conoscenze-abilita-e-competenze-nel-contesto-di-impianti-infrastrutture-e-sistemi-di-produzione-uni-en-156282014\/","title":{"rendered":"Corso di formazione Supervisore\/Ingegnere di Manutenzione (Liv.2) &#8211; Compiti, conoscenze, abilit\u00e0 e competenze, nel contesto di impianti, infrastrutture e sistemi di produzione (UNI EN 15628:2014)"},"content":{"rendered":"<p>&nbsp;<\/p>\n<p>Il partecipante, una volta completato regolarmente il percorso, sar\u00e0 in possesso degli strumenti formativi nell&#8217;esecuzione indipendente delle attivit\u00e0 di coordinamento delle attivit\u00e0 di manutenzione secondo il budget annuale, i piani di manutenzione correlati e le attivit\u00e0 di manutenzione non pianificate, comprensive delle seguenti competenze:<\/p>\n<ul>\n<li>assicurare l&#8217;implementazione delle strategie e delle politiche di manutenzione;<\/li>\n<li>pianificare le attivit\u00e0 di manutenzione di sua competenza, definendo e organizzando le risorse necessarie;<\/li>\n<li>organizzare, gestire e sviluppare le risorse di manutenzione: personale, materiali e attrezzature;<\/li>\n<li>garantire il rispetto della legislazione e delle procedure relative alla sicurezza, alla salute e all&#8217;ambiente;<\/li>\n<li>garantire l&#8217;efficienza e l&#8217;efficacia tecnica ed economica delle attivit\u00e0 di manutenzione sulla base dello stato corrente della tecnologia;<\/li>\n<li>partecipare agli aspetti tecnici dei contratti e del processo di approvvigionamento e gestire le prestazioni degli assuntori;<\/li>\n<li>comunicare con tutti i partner necessari quali personale, assuntori, clienti e fornitori;<\/li>\n<\/ul>\n<p>e inoltre, per l\u2019ingegnere di manutenzione:<\/p>\n<ul>\n<li>utilizzare le conoscenze tecniche\/ingegneristiche e gli strumenti organizzativi per migliorare le attivit\u00e0 di manutenzione e l&#8217;efficienza dell&#8217;impianto in termini di disponibilit\u00e0 e affidabilit\u00e0;<\/li>\n<li>soddisfare gli obblighi organizzativi ed economici nel campo delle attivit\u00e0 intraprese.<\/li>\n<\/ul>\n<p>&nbsp;<\/p>\n","protected":false},"excerpt":{"rendered":"<p>Il corso si prefigge l\u2019obiettivo di dare al corsista \u2013 in relazione alla sua personale qualifica, mansione e funzione all\u2019interno dell\u2019azienda \u2013 la formazione utile per poter svolgere correttamente i compiti che gli sono assegnati nel contesto della manutenzione di impianti, infrastrutture e sistemi di produzione.<\/p>\n<p>Nello stesso corso di formazione caratterizzato dalla norma UNI EN 15628:2014, la trattazione della manutenzione di impianti e edifici \u00e8 inclusa in termini di aspetti tecnici dei sistemi, in quanto i criteri di verifica e la formazione specialistica del personale \u00e8 correlata allo specifico settore merceologico.<\/p>\n","protected":false},"featured_media":1653,"comment_status":"open","ping_status":"closed","template":"","meta":{"advanced_seo_description":"","spay_email":""},"product_cat":[15,18,56,186,49,57,50,17,58],"product_tag":[321,316,318,324,326,323,325,327,317,322],"_links":{"self":[{"href":"https:\/\/www.corsiformazionecontinua.it\/index.php\/wp-json\/wp\/v2\/product\/1652"}],"collection":[{"href":"https:\/\/www.corsiformazionecontinua.it\/index.php\/wp-json\/wp\/v2\/product"}],"about":[{"href":"https:\/\/www.corsiformazionecontinua.it\/index.php\/wp-json\/wp\/v2\/types\/product"}],"replies":[{"embeddable":true,"href":"https:\/\/www.corsiformazionecontinua.it\/index.php\/wp-json\/wp\/v2\/comments?post=1652"}],"wp:featuredmedia":[{"embeddable":true,"href":"https:\/\/www.corsiformazionecontinua.it\/index.php\/wp-json\/wp\/v2\/media\/1653"}],"wp:attachment":[{"href":"https:\/\/www.corsiformazionecontinua.it\/index.php\/wp-json\/wp\/v2\/media?parent=1652"}],"wp:term":[{"taxonomy":"product_cat","embeddable":true,"href":"https:\/\/www.corsiformazionecontinua.it\/index.php\/wp-json\/wp\/v2\/product_cat?post=1652"},{"taxonomy":"product_tag","embeddable":true,"href":"https:\/\/www.corsiformazionecontinua.it\/index.php\/wp-json\/wp\/v2\/product_tag?post=1652"}],"curies":[{"name":"wp","href":"https:\/\/api.w.org\/{rel}","templated":true}]}}