{"id":1655,"date":"2024-03-25T12:34:49","date_gmt":"2024-03-25T11:34:49","guid":{"rendered":"https:\/\/www.corsiformazionecontinua.it\/?post_type=product&#038;p=1655"},"modified":"2024-10-11T20:04:05","modified_gmt":"2024-10-11T18:04:05","slug":"corso-di-formazione-responsabile-della-manutenzione-liv-3-compiti-conoscenze-abilita-e-competenze-nel-contesto-di-impianti-infrastrutture-e-sistemi-di-produzione-uni-en-15628","status":"publish","type":"product","link":"https:\/\/www.corsiformazionecontinua.it\/index.php\/prodotto\/corso-di-formazione-responsabile-della-manutenzione-liv-3-compiti-conoscenze-abilita-e-competenze-nel-contesto-di-impianti-infrastrutture-e-sistemi-di-produzione-uni-en-15628\/","title":{"rendered":"Corso di formazione \u201cResponsabile della Manutenzione (Liv.3) \u2013 Compiti, conoscenze, abilit\u00e0 e competenze, nel contesto di impianti, infrastrutture e sistemi di produzione (UNI EN 15628:2014) &#8211; 80 ore"},"content":{"rendered":"<p>Il corso si prefigge l\u2019obiettivo di dare al corsista &#8211; in relazione alla sua personale qualifica, mansione e funzione all&#8217;interno dell&#8217;azienda &#8211; la formazione utile per poter svolgere correttamente i compiti che gli sono assegnati nel contesto della manutenzione di impianti, infrastrutture e sistemi di produzione.<\/p>\n<p>Nello stesso corso di formazione caratterizzato dalla norma UNI EN 15628:2014, la trattazione della manutenzione di impianti e edifici \u00e8 inclusa in termini di aspetti tecnici dei sistemi, in quanto i criteri di verifica e la formazione specialistica del personale \u00e8 correlata allo specifico settore merceologico.<\/p>\n<p>Il partecipante, una volta completato regolarmente il percorso, sar\u00e0 in possesso degli strumenti formativi nell\u2019esecuzione indipendente delle attivit\u00e0 di RESPONSABILE DELLA MANUTENZIONE per assicurare gli adempimenti per lo svolgimento dei valori richiesti di disponibilit\u00e0 dell&#8217;impianto\/prestazioni dell&#8217;impianto (sulla base degli indicatori di prestazione), incluse le seguenti competenze essenziali con la capacit\u00e0 di:<\/p>\n<ul>\n<li>definire e sviluppare le politiche di manutenzione secondo le strategie aziendali;<\/li>\n<li>definire i processi e gli strumenti a supporto delle attivit\u00e0 di manutenzione;<\/li>\n<li>definire, gestire e sviluppare il modello organizzativo della manutenzione;<\/li>\n<li>garantire i livelli di disponibilit\u00e0, affidabilit\u00e0, manutenibilit\u00e0, supporto logistico, sicurezza e qualit\u00e0 richiesti per l&#8217;intera vita utile dei beni;<\/li>\n<li>assicurare la corretta gestione e il miglioramento continuo della manutenzione;<\/li>\n<li>assicurare e controllare la conformit\u00e0 al bilancio di manutenzione e aziendale, il rispetto delle attivit\u00e0 della manutenzione pianificate e la corretta condizione dei beni;<\/li>\n<li>definire le strategie, le politiche e i criteri per la gestione delle prestazioni degli assuntori e per la definizione dei requisiti dei materiali di manutenzione.<\/li>\n<\/ul>\n","protected":false},"excerpt":{"rendered":"<p style=\"margin: 0cm; text-align: justify;\"><span style=\"font-size: 11.0pt; color: #0070c0;\">Il corso si prefigge l\u2019obiettivo di dare al corsista &#8211; in relazione alla sua personale qualifica, mansione e funzione all&#8217;interno dell&#8217;azienda &#8211; la formazione utile per poter svolgere correttamente i compiti che gli sono assegnati nel contesto della manutenzione di impianti, infrastrutture e sistemi di produzione.<\/span><\/p>\n<p style=\"margin: 0cm; text-align: justify;\"><span style=\"font-size: 11.0pt; color: #0070c0;\">Nello stesso corso di formazione caratterizzato dalla norma UNI EN 15628:2014, la trattazione della manutenzione di impianti e edifici \u00e8 inclusa in termini di aspetti tecnici dei sistemi, in quanto i criteri di verifica e la formazione specialistica del personale \u00e8 correlata allo specifico settore merceologico.<\/span><\/p>\n","protected":false},"featured_media":1656,"comment_status":"open","ping_status":"closed","template":"","meta":{"advanced_seo_description":"","spay_email":""},"product_cat":[15,18,269,56,186,57,50,17,58],"product_tag":[321,320,324,326,323,325,327,328,322],"_links":{"self":[{"href":"https:\/\/www.corsiformazionecontinua.it\/index.php\/wp-json\/wp\/v2\/product\/1655"}],"collection":[{"href":"https:\/\/www.corsiformazionecontinua.it\/index.php\/wp-json\/wp\/v2\/product"}],"about":[{"href":"https:\/\/www.corsiformazionecontinua.it\/index.php\/wp-json\/wp\/v2\/types\/product"}],"replies":[{"embeddable":true,"href":"https:\/\/www.corsiformazionecontinua.it\/index.php\/wp-json\/wp\/v2\/comments?post=1655"}],"wp:featuredmedia":[{"embeddable":true,"href":"https:\/\/www.corsiformazionecontinua.it\/index.php\/wp-json\/wp\/v2\/media\/1656"}],"wp:attachment":[{"href":"https:\/\/www.corsiformazionecontinua.it\/index.php\/wp-json\/wp\/v2\/media?parent=1655"}],"wp:term":[{"taxonomy":"product_cat","embeddable":true,"href":"https:\/\/www.corsiformazionecontinua.it\/index.php\/wp-json\/wp\/v2\/product_cat?post=1655"},{"taxonomy":"product_tag","embeddable":true,"href":"https:\/\/www.corsiformazionecontinua.it\/index.php\/wp-json\/wp\/v2\/product_tag?post=1655"}],"curies":[{"name":"wp","href":"https:\/\/api.w.org\/{rel}","templated":true}]}}