{"id":1689,"date":"2024-05-25T21:03:20","date_gmt":"2024-05-25T19:03:20","guid":{"rendered":"https:\/\/www.corsiformazionecontinua.it\/?post_type=product&#038;p=1689"},"modified":"2024-05-25T21:49:03","modified_gmt":"2024-05-25T19:49:03","slug":"corso-di-formazione-uni-en-156282014-specialista-di-manutenzione-liv-1-40-ore","status":"publish","type":"product","link":"https:\/\/www.corsiformazionecontinua.it\/index.php\/prodotto\/corso-di-formazione-uni-en-156282014-specialista-di-manutenzione-liv-1-40-ore\/","title":{"rendered":"Corso di formazione \u201cPOMPE IDROVORE: UTILIZZO, FUNZIONALITA\u2019 E MANUTENZIONE\u201d \u2013 24 ore"},"content":{"rendered":"<p>Il ricorso all&#8217;utilizzo di pompe idrovore negli impianti di allontanamento delle acque e di bonifica di suoli, \u00e8 diventato ormai di uso corrente e un&#8217;attenzione particolare \u00e8 necessaria per l&#8217;impiego e la manutenzione degli stessi impianti; quest&#8217;ultima \u00e8 fondamentale per evitare che le condizioni ottimali di bonifica siano depauperate da un&#8217;attivit\u00e0 manutentiva inefficace e inefficiente.<\/p>\n<p>Il corso si prefigge l\u2019obiettivo di dare al corsista la formazione utile per poter effettuare correttamente le attivit\u00e0 da eseguire nel contesto dell\u2019impiego, funzionalit\u00e0 e manutenzione delle pompe idrovore.<\/p>\n<p>Il corso \u00e8 rivolto al Personale addetto alle attivit\u00e0 di manutenzione di impianti idrovori, nei quali la presenza di pompe idrovore costituisce il cuore pulsante del servizio di allontanamento delle acque, nonch\u00e9 a tutti coloro che possono averne titolo o interesse a seguirlo sebbene siano gi\u00e0 in possesso della tecnica e desiderino approfondire la materia per migliorare la propria conoscenza normativa specifica. Il corso \u00e8 inoltre orientato a chi partecipa a concorsi per un primo impiego e\/o per un miglioramento della propria posizione lavorativa giuridica ed economica.<\/p>\n<p>Il partecipante, a percorso regolarmente completato, sar\u00e0 in possesso degli strumenti formativi generali, per svolgere le attivit\u00e0 da eseguire nel contesto della manutenzione dell&#8217;impianto, dell&#8217;infrastruttura e dei sistemi di produzione.<\/p>\n<p>Il corso \u00e8 interamente fruibile in e.learning, ideale per chi lavora e ha tempo limitato per seguire un corso in presenza.<\/p>\n<p>A fine corso \u00e8 previsto il rilascio dell\u2019attestato di formazione munito di numero di protocollo del corso, codice di controllo dell\u2019attestato e relativo qr-code per la relativa verifica validit\u00e0, veridicit\u00e0 e integrit\u00e0. Velocit\u00e0 nell\u2019indizione della sessione formativa e dell\u2019erogazione del corso di formazione. Credenziali di accesso alla piattaforma e.learning valide per 365 giorni dalla data del loro rilascio per permettere al corsista di rivedere tutto o parte del corso e fruire gratuitamente degli eventuali aggiornamenti editi nel periodo di validit\u00e0 delle credenziali.<\/p>\n","protected":false},"excerpt":{"rendered":"<p>Il corso si prefigge l\u2019obiettivo di dare al corsista la formazione utile per poter effettuare correttamente le attivit\u00e0 da eseguire nel contesto dell\u2019impiego, funzionalit\u00e0 e manutenzione delle pompe idrovore.<\/p>\n","protected":false},"featured_media":1692,"comment_status":"open","ping_status":"closed","template":"","meta":{"advanced_seo_description":"","spay_email":""},"product_cat":[15,22,18,186,57,17,58,329],"product_tag":[337,336,325,327,331],"_links":{"self":[{"href":"https:\/\/www.corsiformazionecontinua.it\/index.php\/wp-json\/wp\/v2\/product\/1689"}],"collection":[{"href":"https:\/\/www.corsiformazionecontinua.it\/index.php\/wp-json\/wp\/v2\/product"}],"about":[{"href":"https:\/\/www.corsiformazionecontinua.it\/index.php\/wp-json\/wp\/v2\/types\/product"}],"replies":[{"embeddable":true,"href":"https:\/\/www.corsiformazionecontinua.it\/index.php\/wp-json\/wp\/v2\/comments?post=1689"}],"wp:featuredmedia":[{"embeddable":true,"href":"https:\/\/www.corsiformazionecontinua.it\/index.php\/wp-json\/wp\/v2\/media\/1692"}],"wp:attachment":[{"href":"https:\/\/www.corsiformazionecontinua.it\/index.php\/wp-json\/wp\/v2\/media?parent=1689"}],"wp:term":[{"taxonomy":"product_cat","embeddable":true,"href":"https:\/\/www.corsiformazionecontinua.it\/index.php\/wp-json\/wp\/v2\/product_cat?post=1689"},{"taxonomy":"product_tag","embeddable":true,"href":"https:\/\/www.corsiformazionecontinua.it\/index.php\/wp-json\/wp\/v2\/product_tag?post=1689"}],"curies":[{"name":"wp","href":"https:\/\/api.w.org\/{rel}","templated":true}]}}