{"id":1718,"date":"2025-05-18T23:58:58","date_gmt":"2025-05-18T21:58:58","guid":{"rendered":"https:\/\/www.corsiformazionecontinua.it\/?post_type=product&#038;p=1718"},"modified":"2025-05-18T23:58:58","modified_gmt":"2025-05-18T21:58:58","slug":"corso-di-formazione-capisquadra-per-la-gestione-delle-operazioni-in-caso-demergenza-60-ore","status":"publish","type":"product","link":"https:\/\/www.corsiformazionecontinua.it\/index.php\/prodotto\/corso-di-formazione-capisquadra-per-la-gestione-delle-operazioni-in-caso-demergenza-60-ore\/","title":{"rendered":"Corso di \u201cFormazione capisquadra per la gestione delle operazioni in caso d&#8217;emergenza&#8221; &#8211; 60 ore"},"content":{"rendered":"<p>Il corso \u00e8 strutturato in moduli progressivi che affrontano sia aspetti teorici che pratici, ed \u00e8 pensato per fornire competenze operative, decisionali e comunicative ai capisquadra impegnati nella gestione delle emergenze.<\/p>\n<p>L\u2019obiettivo del Corso \u00e8 quello di fornire ai capisquadra le competenze tecniche, organizzative e relazionali per gestire efficacemente le operazioni di emergenza, coordinare le risorse sul campo e garantire la sicurezza delle squadre e dei cittadini coinvolti.<\/p>\n<p>Il corso \u00e8 rivolto ai Capisquadra gi\u00e0 operativi o in fase di formazione, ai Volontari di protezione civile in fase di avanzamento ruolo, agli Operatori di enti di soccorso e sicurezza, al personale della Pubblica Amministrazione interessato per competenze \u2013 mansioni e funzioni inerenti al tema, nonch\u00e9 a tutti coloro che hanno interesse a conseguire una solida formazione sull\u2019attivit\u00e0 di cui trattasi.<\/p>\n<p>Previsto il rilascio dell\u2019attestato di formazione al termine del test di valutazione finale, munito di identificativo antifrode.<\/p>\n","protected":false},"excerpt":{"rendered":"<p>Corso di formazione rivolto a tutti coloro che hanno interesse a formarsi nell\u2019attivit\u00e0 di gestione delle emergenze in eventi calamitosi. Il corso \u00e8 ideale per formare i capisquadra delle unit\u00e0 di intervento in occasione di calamit\u00e0 ed emergenze in generale.<\/p>\n","protected":false},"featured_media":1719,"comment_status":"open","ping_status":"closed","template":"","meta":{"advanced_seo_description":"","spay_email":""},"product_cat":[15,18,349,17],"product_tag":[366,363,367,364,365],"_links":{"self":[{"href":"https:\/\/www.corsiformazionecontinua.it\/index.php\/wp-json\/wp\/v2\/product\/1718"}],"collection":[{"href":"https:\/\/www.corsiformazionecontinua.it\/index.php\/wp-json\/wp\/v2\/product"}],"about":[{"href":"https:\/\/www.corsiformazionecontinua.it\/index.php\/wp-json\/wp\/v2\/types\/product"}],"replies":[{"embeddable":true,"href":"https:\/\/www.corsiformazionecontinua.it\/index.php\/wp-json\/wp\/v2\/comments?post=1718"}],"wp:featuredmedia":[{"embeddable":true,"href":"https:\/\/www.corsiformazionecontinua.it\/index.php\/wp-json\/wp\/v2\/media\/1719"}],"wp:attachment":[{"href":"https:\/\/www.corsiformazionecontinua.it\/index.php\/wp-json\/wp\/v2\/media?parent=1718"}],"wp:term":[{"taxonomy":"product_cat","embeddable":true,"href":"https:\/\/www.corsiformazionecontinua.it\/index.php\/wp-json\/wp\/v2\/product_cat?post=1718"},{"taxonomy":"product_tag","embeddable":true,"href":"https:\/\/www.corsiformazionecontinua.it\/index.php\/wp-json\/wp\/v2\/product_tag?post=1718"}],"curies":[{"name":"wp","href":"https:\/\/api.w.org\/{rel}","templated":true}]}}