{"id":54,"date":"2022-02-10T01:08:24","date_gmt":"2022-02-10T00:08:24","guid":{"rendered":"http:\/\/www.corsiformazionecontinua.it\/new\/?post_type=product&#038;p=54"},"modified":"2025-05-19T19:48:51","modified_gmt":"2025-05-19T17:48:51","slug":"corso-di-formazione-per-installatore-di-sistemi-di-isolamento-a-cappotto-etics-eqf3eqf4-uni-117162018","status":"publish","type":"product","link":"https:\/\/www.corsiformazionecontinua.it\/index.php\/prodotto\/corso-di-formazione-per-installatore-di-sistemi-di-isolamento-a-cappotto-etics-eqf3eqf4-uni-117162018\/","title":{"rendered":"Corso di formazione per &#8220;Installatore di sistemi di isolamento a cappotto (ETICS)&#8221; (EQF3+EQF4) &#8211; UNI 11716:2018"},"content":{"rendered":"<p>Il corso di formazione, si prefigge l&#8217;obiettivo di fornire al corsista, in modo semplice e al contempo completo, le conoscenze approfondite derivanti dalle Norme UNI 11716:2018, valide per i livelli EQF3 e EQF4, partendo dalla formazione basilare. In questo modo il corsista conseguir\u00e0 la preparazione professionale derivante direttamente dalla Normativa di riferimento.<\/p>\n<p>Il corso \u00e8 interamente on-line e potr\u00e0 essere seguito in qualunque momento della giornata, tutti i giorni, compresi i festivi. Le credenziali per l&#8217;accesso alla piattaforma fad saranno trasmesse al corsista entro 24-48 ore dal momento della sua iscrizione.<\/p>\n<p>Le credenziali che ricever\u00e0 il corsista resteranno operative per 365 giorni dal giorno in cui le ha ricevute, sebbene abbia gi\u00e0 ricevuto l&#8217;attestato; in questo modo il corsista potr\u00e0 continuare a beneficiare gratuitamente della fruizione del corso e utilizzare quindi questo importante strumento normativo. Ogni aggiornamento normativo inerente il corso ed edito nei 365 giorni di validit\u00e0 delle credenziali sar\u00e0 disponibile gratuitamente anche dopo il rilascio dell&#8217;attestato.<\/p>\n<p>In pratica il corso si rivela un&#8217;ottima opportunit\u00e0 in quanto rappresenta un vero strumento di lavoro utile anche e soprattutto dopo aver ricevuto l&#8217;attestato finale di partecipazione al corso.<\/p>\n<p style=\"text-align: justify;\">Il corso di formazione \u00e8 caratterizzato da un protocollo univoco, che identifica il corso stesso.<\/p>\n<p style=\"text-align: justify;\">L\u2019attestato rilasciato al termine del corso reca il codice di controllo univoco e il qr-code, indispensabili per il controllo sull\u2019integrit\u00e0 dell\u2019attestato stesso e la veridicit\u00e0 del suo contenuto. Il controllo tramite il codice di controllo pu\u00f2 essere agevolmente effettuato facendo click sull\u2019apposito pulsante presente nell\u2019home page di questo sito web, dopo aver inserito l\u2019intera stringa di caratteri alfanumerici. La verifica tramite qr-code pu\u00f2 essere effettuata invece tramite la webcam di uno smartphone connesso a internet.<\/p>\n","protected":false},"excerpt":{"rendered":"<p>Il corso fornisce al corsista, in modo semplice e al contempo completo, le conoscenze approfondite derivanti dalle Norme UNI 11716:2018, valide per i livelli EQF3 e EQF4, partendo dalla formazione basilare.<\/p>\n","protected":false},"featured_media":56,"comment_status":"open","ping_status":"closed","template":"","meta":{"advanced_seo_description":"","spay_email":""},"product_cat":[15,22,18,57],"product_tag":[31,20,33,77,83,21,32,84],"_links":{"self":[{"href":"https:\/\/www.corsiformazionecontinua.it\/index.php\/wp-json\/wp\/v2\/product\/54"}],"collection":[{"href":"https:\/\/www.corsiformazionecontinua.it\/index.php\/wp-json\/wp\/v2\/product"}],"about":[{"href":"https:\/\/www.corsiformazionecontinua.it\/index.php\/wp-json\/wp\/v2\/types\/product"}],"replies":[{"embeddable":true,"href":"https:\/\/www.corsiformazionecontinua.it\/index.php\/wp-json\/wp\/v2\/comments?post=54"}],"wp:featuredmedia":[{"embeddable":true,"href":"https:\/\/www.corsiformazionecontinua.it\/index.php\/wp-json\/wp\/v2\/media\/56"}],"wp:attachment":[{"href":"https:\/\/www.corsiformazionecontinua.it\/index.php\/wp-json\/wp\/v2\/media?parent=54"}],"wp:term":[{"taxonomy":"product_cat","embeddable":true,"href":"https:\/\/www.corsiformazionecontinua.it\/index.php\/wp-json\/wp\/v2\/product_cat?post=54"},{"taxonomy":"product_tag","embeddable":true,"href":"https:\/\/www.corsiformazionecontinua.it\/index.php\/wp-json\/wp\/v2\/product_tag?post=54"}],"curies":[{"name":"wp","href":"https:\/\/api.w.org\/{rel}","templated":true}]}}