{"id":60,"date":"2022-02-10T01:04:26","date_gmt":"2022-02-10T00:04:26","guid":{"rendered":"http:\/\/www.corsiformazionecontinua.it\/new\/?post_type=product&#038;p=60"},"modified":"2025-10-29T14:29:25","modified_gmt":"2025-10-29T13:29:25","slug":"corso-esame-per-operatore-termografico-i-e-ii-livello-pnd-uni-en-iso-9712-certificato-accredia","status":"publish","type":"product","link":"https:\/\/www.corsiformazionecontinua.it\/index.php\/prodotto\/corso-esame-per-operatore-termografico-i-e-ii-livello-pnd-uni-en-iso-9712-certificato-accredia\/","title":{"rendered":"Corso + esame per &#8220;Operatore Termografico I e II Livello&#8221; (PND &#8211; UNI EN ISO 9712), certificato ACCREDIA"},"content":{"rendered":"<p style=\"text-align: justify;\">Il pacchetto qui descritto si compone del corso di formazione (48 ore, di cui 24 on line) e dell&#8217;esame per la certificazione professionale delle competenze personali e si prefigge l&#8217;obiettivo di fornire al corsista, in modo semplice e al contempo completo, le conoscenze approfondite derivanti dalle Norme UNI PND &#8211; UNI EN ISO 9712, valide per il 2\u00b0 livello, partendo dalla formazione basilare. In questo modo il corsista conseguir\u00e0 la preparazione professionale derivante direttamente dalla Normativa di riferimento.<\/p>\n<p style=\"text-align: justify;\">La parte on-line potr\u00e0 essere seguita in qualunque momento della giornata, tutti i giorni, compresi i festivi. Le credenziali per l&#8217;accesso alla piattaforma fad saranno trasmesse al corsista entro 24-48 ore dal momento della sua iscrizione.<\/p>\n<p style=\"text-align: justify;\">Le credenziali che ricever\u00e0 il corsista resteranno operative per 365 giorni dal giorno in cui le ha ricevute, sebbene abbia gi\u00e0 ricevuto l&#8217;attestato; in questo modo il corsista potr\u00e0 continuare a beneficiare gratuitamente della fruizione del corso e utilizzare quindi questo importante strumento normativo. Ogni aggiornamento normativo inerente il corso ed edito nei 365 giorni di validit\u00e0 delle credenziali sar\u00e0 disponibile gratuitamente anche dopo il rilascio dell&#8217;attestato.<\/p>\n<p style=\"text-align: justify;\">In pratica il pacchetto corso di formazione ed esame per la certificazione delle competenze professionali (compresa iscrizione al Registro Nazionale) si rivela un\u2019ottima opportunit\u00e0 in quanto rappresenta un vero strumento di lavoro utile anche e soprattutto dopo aver ricevuto il certificato finale.<\/p>\n","protected":false},"excerpt":{"rendered":"<p>Pacchetto completo: corso di formazione da 48 ore di cui almeno la met\u00e0 in e.learning\u00a0 + Certificazione delle competenze previo esame, con iscrizione a Registro.<\/p>\n","protected":false},"featured_media":61,"comment_status":"open","ping_status":"closed","template":"","meta":{"advanced_seo_description":"","spay_email":""},"product_cat":[15,22,18,57,50,17],"product_tag":[24,25,23],"_links":{"self":[{"href":"https:\/\/www.corsiformazionecontinua.it\/index.php\/wp-json\/wp\/v2\/product\/60"}],"collection":[{"href":"https:\/\/www.corsiformazionecontinua.it\/index.php\/wp-json\/wp\/v2\/product"}],"about":[{"href":"https:\/\/www.corsiformazionecontinua.it\/index.php\/wp-json\/wp\/v2\/types\/product"}],"replies":[{"embeddable":true,"href":"https:\/\/www.corsiformazionecontinua.it\/index.php\/wp-json\/wp\/v2\/comments?post=60"}],"wp:featuredmedia":[{"embeddable":true,"href":"https:\/\/www.corsiformazionecontinua.it\/index.php\/wp-json\/wp\/v2\/media\/61"}],"wp:attachment":[{"href":"https:\/\/www.corsiformazionecontinua.it\/index.php\/wp-json\/wp\/v2\/media?parent=60"}],"wp:term":[{"taxonomy":"product_cat","embeddable":true,"href":"https:\/\/www.corsiformazionecontinua.it\/index.php\/wp-json\/wp\/v2\/product_cat?post=60"},{"taxonomy":"product_tag","embeddable":true,"href":"https:\/\/www.corsiformazionecontinua.it\/index.php\/wp-json\/wp\/v2\/product_tag?post=60"}],"curies":[{"name":"wp","href":"https:\/\/api.w.org\/{rel}","templated":true}]}}