{"id":66,"date":"2022-02-10T02:16:14","date_gmt":"2022-02-10T01:16:14","guid":{"rendered":"http:\/\/www.corsiformazionecontinua.it\/new\/?post_type=product&#038;p=66"},"modified":"2025-12-18T22:42:07","modified_gmt":"2025-12-18T21:42:07","slug":"corso-di-formazione-e-addestramento-professionale-per-la-dattilografia","status":"publish","type":"product","link":"https:\/\/www.corsiformazionecontinua.it\/index.php\/prodotto\/corso-di-formazione-e-addestramento-professionale-per-la-dattilografia\/","title":{"rendered":"Corso di formazione e addestramento professionale per la dattilografia"},"content":{"rendered":"<p>Questo corso \u00e8 stato istituito da Ente Pubblico ed erogato da Societ\u00e0 di Alta Formazione, interamente on line.<\/p>\n<p>Il corso di formazione si prefigge l&#8217;obiettivo di fornire al corsista, in modo semplice e al contempo completo, le conoscenze approfondite sia teoriche che pratiche, tipiche del profilo professionale, oggi chiamato a occuparsi di un&#8217;attivit\u00e0 che non \u00e8 pi\u00f9 quella della semplice dattiloscrittura classica, ma che invece sia capace di utilizzare quanto meno il pc unitamente ai software generalmente pi\u00f9 utilizzati.<\/p>\n<p>Il corso di formazione e di addestramento \u00e8 quindi una vera palestra; tratta delle tecniche di dattiloscrittura per velocizzare le procedure di utilizzo del pc, dei software del pacchetto Office di Microsoft, della componentistica hardware, dei collegamenti e delle reti; il corso prevede altres\u00ec l&#8217;addestramento pratico attraverso la copiatura di alcuni brani sui quali la velocit\u00e0 di dattiloscrittura potr\u00e0 essere allenata e quindi migliorata.<\/p>\n<p style=\"text-align: justify;\">Il corso \u00e8 interamente on-line e potr\u00e0 essere seguito in qualunque momento della giornata, tutti i giorni, compresi i festivi. Le credenziali per l&#8217;accesso alla piattaforma fad saranno trasmesse al corsista entro 24-48 ore dal momento della sua iscrizione.<\/p>\n<p style=\"text-align: justify;\">Le credenziali che ricever\u00e0 il corsista resteranno operative per 365 giorni dal giorno in cui le ha ricevute, sebbene abbia gi\u00e0 ricevuto l&#8217;attestato; in questo modo il corsista potr\u00e0 continuare a beneficiare gratuitamente della fruizione del corso e utilizzare quindi questo importante strumento operativo. Ogni aggiornamento inerente il corso ed edito nei 365 giorni di validit\u00e0 delle credenziali sar\u00e0 disponibile gratuitamente anche dopo il rilascio dell&#8217;attestato.<\/p>\n<p style=\"text-align: justify;\">In pratica il corso si rivela un\u2019ottima opportunit\u00e0 in quanto rappresenta un vero strumento di lavoro utile anche e soprattutto dopo aver ricevuto l&#8217;attestato finale di partecipazione al corso.<\/p>\n<p style=\"text-align: justify;\">Il corso di formazione \u00e8 caratterizzato da un protocollo univoco, che identifica il corso stesso.<\/p>\n<p style=\"text-align: justify;\">L\u2019attestato rilasciato al termine del corso reca il codice di controllo univoco e il qr-code, indispensabili per il controllo sull\u2019integrit\u00e0 dell\u2019attestato stesso e la veridicit\u00e0 del suo contenuto. Il controllo tramite il codice di controllo pu\u00f2 essere agevolmente effettuato facendo click sull\u2019apposito pulsante presente nell\u2019home page di questo sito web, dopo aver inserito l\u2019intera stringa di caratteri alfanumerici. La verifica tramite qr-code pu\u00f2 essere effettuata invece tramite la webcam di uno smartphone connesso a internet.<\/p>\n<p>Sull&#8217;attestato finale \u00e8 inoltre riportato anche lo &#8220;score&#8221; riferito alle esercitazioni pratiche.<\/p>\n","protected":false},"excerpt":{"rendered":"<p>Questo corso \u00e8 stato istituito da Ente Pubblico ed erogato da Societ\u00e0 di Alta Formazione, interamente on line; il corso si prefigge l&#8217;obiettivo di fornire al corsista, in modo semplice e al contempo completo, le conoscenze approfondite sia teoriche che pratiche, tipiche del profilo professionale.<\/p>\n<p>Grazie alla nostra piattaforma integrata on line, il corsista potr\u00e0 seguire la parte teorica ed esercitarsi per la parte pratica testando la propria velocit\u00e0 nella trascrizione di alcuni brani, al termine della quale trascrizione sar\u00e0 evidenziato il numero di cpm raggiunto ogni volta.<\/p>\n","protected":false},"featured_media":67,"comment_status":"open","ping_status":"closed","template":"","meta":{"advanced_seo_description":"","spay_email":""},"product_cat":[15,18,58],"product_tag":[125,112,110,111,42,44,43,45,46],"_links":{"self":[{"href":"https:\/\/www.corsiformazionecontinua.it\/index.php\/wp-json\/wp\/v2\/product\/66"}],"collection":[{"href":"https:\/\/www.corsiformazionecontinua.it\/index.php\/wp-json\/wp\/v2\/product"}],"about":[{"href":"https:\/\/www.corsiformazionecontinua.it\/index.php\/wp-json\/wp\/v2\/types\/product"}],"replies":[{"embeddable":true,"href":"https:\/\/www.corsiformazionecontinua.it\/index.php\/wp-json\/wp\/v2\/comments?post=66"}],"wp:featuredmedia":[{"embeddable":true,"href":"https:\/\/www.corsiformazionecontinua.it\/index.php\/wp-json\/wp\/v2\/media\/67"}],"wp:attachment":[{"href":"https:\/\/www.corsiformazionecontinua.it\/index.php\/wp-json\/wp\/v2\/media?parent=66"}],"wp:term":[{"taxonomy":"product_cat","embeddable":true,"href":"https:\/\/www.corsiformazionecontinua.it\/index.php\/wp-json\/wp\/v2\/product_cat?post=66"},{"taxonomy":"product_tag","embeddable":true,"href":"https:\/\/www.corsiformazionecontinua.it\/index.php\/wp-json\/wp\/v2\/product_tag?post=66"}],"curies":[{"name":"wp","href":"https:\/\/api.w.org\/{rel}","templated":true}]}}